{"id":6712,"date":"2025-01-17T00:42:58","date_gmt":"2025-01-17T00:42:58","guid":{"rendered":"https:\/\/bosphoruscenter.com\/?post_type=product&#038;p=6712"},"modified":"2025-05-15T04:21:54","modified_gmt":"2025-05-15T04:21:54","slug":"biani-lilyum-90-antique-white-biani-lilyum-side-cabinet-r-antique-whit","status":"publish","type":"product","link":"https:\/\/bosphoruscenter.com\/ar\/product\/biani-lilyum-90-antique-white-biani-lilyum-side-cabinet-r-antique-whit\/","title":{"rendered":"B\u0130AN\u0130 L\u0130LYUM 90 ANTIQUE WHITE  B\u0130AN\u0130 L\u0130LYUM SIDE CABINET R ANTIQUE WHIT"},"content":{"rendered":"","protected":false},"excerpt":{"rendered":"","protected":false},"featured_media":0,"comment_status":"open","ping_status":"closed","template":"","meta":[],"product_brand":[],"product_cat":[32],"product_tag":[],"class_list":{"0":"post-6712","1":"product","2":"type-product","3":"status-publish","5":"product_cat-basin-decorative-sinks","7":"first","8":"instock","9":"shipping-taxable","10":"purchasable","11":"product-type-simple"},"_links":{"self":[{"href":"https:\/\/bosphoruscenter.com\/ar\/wp-json\/wp\/v2\/product\/6712","targetHints":{"allow":["GET"]}}],"collection":[{"href":"https:\/\/bosphoruscenter.com\/ar\/wp-json\/wp\/v2\/product"}],"about":[{"href":"https:\/\/bosphoruscenter.com\/ar\/wp-json\/wp\/v2\/types\/product"}],"replies":[{"embeddable":true,"href":"https:\/\/bosphoruscenter.com\/ar\/wp-json\/wp\/v2\/comments?post=6712"}],"wp:attachment":[{"href":"https:\/\/bosphoruscenter.com\/ar\/wp-json\/wp\/v2\/media?parent=6712"}],"wp:term":[{"taxonomy":"product_brand","embeddable":true,"href":"https:\/\/bosphoruscenter.com\/ar\/wp-json\/wp\/v2\/product_brand?post=6712"},{"taxonomy":"product_cat","embeddable":true,"href":"https:\/\/bosphoruscenter.com\/ar\/wp-json\/wp\/v2\/product_cat?post=6712"},{"taxonomy":"product_tag","embeddable":true,"href":"https:\/\/bosphoruscenter.com\/ar\/wp-json\/wp\/v2\/product_tag?post=6712"}],"curies":[{"name":"wp","href":"https:\/\/api.w.org\/{rel}","templated":true}]}}