{"id":6713,"date":"2025-01-17T00:45:12","date_gmt":"2025-01-17T00:45:12","guid":{"rendered":"https:\/\/bosphoruscenter.com\/?post_type=product&#038;p=6713"},"modified":"2025-05-15T04:21:54","modified_gmt":"2025-05-15T04:21:54","slug":"biani-lilyum-90-matt-mocha-biani-lilyum-side-cabinet-r-matt-mocha","status":"publish","type":"product","link":"https:\/\/bosphoruscenter.com\/ar\/product\/biani-lilyum-90-matt-mocha-biani-lilyum-side-cabinet-r-matt-mocha\/","title":{"rendered":"B\u0130AN\u0130 L\u0130LYUM 90 MATT MOCHA B\u0130AN\u0130 L\u0130LYUM SIDE CABINET R MATT MOCHA"},"content":{"rendered":"","protected":false},"excerpt":{"rendered":"","protected":false},"featured_media":0,"comment_status":"open","ping_status":"closed","template":"","meta":[],"product_brand":[],"product_cat":[32],"product_tag":[],"class_list":{"0":"post-6713","1":"product","2":"type-product","3":"status-publish","5":"product_cat-basin-decorative-sinks","7":"first","8":"instock","9":"shipping-taxable","10":"purchasable","11":"product-type-simple"},"_links":{"self":[{"href":"https:\/\/bosphoruscenter.com\/ar\/wp-json\/wp\/v2\/product\/6713","targetHints":{"allow":["GET"]}}],"collection":[{"href":"https:\/\/bosphoruscenter.com\/ar\/wp-json\/wp\/v2\/product"}],"about":[{"href":"https:\/\/bosphoruscenter.com\/ar\/wp-json\/wp\/v2\/types\/product"}],"replies":[{"embeddable":true,"href":"https:\/\/bosphoruscenter.com\/ar\/wp-json\/wp\/v2\/comments?post=6713"}],"wp:attachment":[{"href":"https:\/\/bosphoruscenter.com\/ar\/wp-json\/wp\/v2\/media?parent=6713"}],"wp:term":[{"taxonomy":"product_brand","embeddable":true,"href":"https:\/\/bosphoruscenter.com\/ar\/wp-json\/wp\/v2\/product_brand?post=6713"},{"taxonomy":"product_cat","embeddable":true,"href":"https:\/\/bosphoruscenter.com\/ar\/wp-json\/wp\/v2\/product_cat?post=6713"},{"taxonomy":"product_tag","embeddable":true,"href":"https:\/\/bosphoruscenter.com\/ar\/wp-json\/wp\/v2\/product_tag?post=6713"}],"curies":[{"name":"wp","href":"https:\/\/api.w.org\/{rel}","templated":true}]}}